{"id":82,"date":"2023-07-19T08:41:07","date_gmt":"2023-07-19T06:41:07","guid":{"rendered":"https:\/\/www.joseconsulting.com\/services\/"},"modified":"2025-03-19T22:02:16","modified_gmt":"2025-03-19T21:02:16","slug":"servicios","status":"publish","type":"page","link":"https:\/\/www.joseconsulting.com\/es\/servicios\/","title":{"rendered":"Servicios"},"content":{"rendered":"<section class=\"wpb-content-wrapper\"><p>[vc_row el_id=\u00bbtop_page\u00bb][vc_column][vc_custom_heading source=\u00bbpost_title\u00bb font_container=\u00bbtag:h1|text_align:left\u00bb use_theme_fonts=\u00bbyes\u00bb][\/vc_column][\/vc_row][vc_row el_id=\u00bbb4home\u00bb el_class=\u00bbfilaservicios\u00bb][vc_column offset=\u00bbvc_col-md-3&#8243;][\/vc_column][vc_column offset=\u00bbvc_col-md-9&#8243;][vc_custom_heading text=\u00bbServicios de contabilidad y fiscalidad para aut\u00f3nomos y peque\u00f1as empresas en Espa\u00f1a\u00bb use_theme_fonts=\u00bbyes\u00bb][vc_column_text]Si est\u00e1s registrado como aut\u00f3nomo o tienes una peque\u00f1a empresa, revisar\u00e9 tus archivos de ingresos y gastos para informarte sobre los resultados de tu negocio. Mi enfoque es garantizar que cumplas con todas las obligaciones tributarias, eliminar posibles errores, y conseguir que no te pierdas en la burocracia de la administraci\u00f3n espa\u00f1ola.<\/p>\n<p>Te proporcionar\u00e9 informaci\u00f3n contable precisa y toda la documentaci\u00f3n necesaria para tu propio uso o para terceros, como bancos, autoridades fiscales e incluso inversores potenciales.<\/p>\n<p>Estos son algunos de los servicios que ofrezco a mis clientes:[\/vc_column_text][vc_row_inner el_id=\u00bbbservicios\u00bb][vc_column_inner width=\u00bb1\/2&#8243;][vc_column_text]<strong>Contabilidad y preparaci\u00f3n de cuentas.<\/strong><br \/>\nElaboraci\u00f3n de los libros contables necesarios para la Agencia Tributaria espa\u00f1ola: Libros de facturas recibidas, de facturas emitidas y de bienes de inversi\u00f3n.<\/p>\n<p><strong>Preparaci\u00f3n y presentaci\u00f3n de declaraciones de impuestos trimestrales y anuales<\/strong><br \/>\n&#8211; Declaraciones de IVA: modelos 303, 347, 349, 390 y 360.<br \/>\n&#8211; Declaraciones de Retenciones y pagos a cuenta: modelos 130, 111, 115, 123, 180, 190 y 193.<br \/>\n&#8211; Declaraci\u00f3n de la Renta: modelos 100, 102 y 151.<br \/>\n&#8211; Impuesto de Sociedades: modelos 200 y 202.<\/p>\n<p><strong>Preparaci\u00f3n y presentaci\u00f3n de declaraciones de impuestos espec\u00edficas<\/strong><br \/>\n&#8211; Impuesto de no residentes: modelo 210.<br \/>\n&#8211; Declaraci\u00f3n de bienes en el extranjero: modelo 720.<br \/>\n&#8211; Impuesto sobre el Patrimonio: modelo 714.<br \/>\n[\/vc_column_text][\/vc_column_inner][vc_column_inner width=\u00bb1\/2&#8243;][vc_column_text]<strong>Alta como aut\u00f3nomo en Espa\u00f1a<\/strong><br \/>\nAlta en las p\u00e1ginas de la Seguridad Social y Hacienda. Apoyo para obtener el certificado digital, n\u00famero de Seguridad Social o cambio de domicilio. Modelo 036.<\/p>\n<p><strong>Registro Ley Beckham para no residentes que vengan a Espa\u00f1a<\/strong><br \/>\nEstudio de tu situaci\u00f3n personal, preparaci\u00f3n de los documentos necesarios y presentar el modelo 149.<\/p>\n<p><strong>Disponible para consultas sobre impuestos<\/strong><br \/>\nCont\u00e1ctame para reservar una consulta por tel\u00e9fono o video llamada de 30-60 minutos[\/vc_column_text][\/vc_column_inner][\/vc_row_inner][\/vc_column][\/vc_row][vc_row css=\u00bb.vc_custom_1688989923244{border-top-width: 1px !important;border-right-width: 1px !important;border-bottom-width: 1px !important;border-left-width: 1px !important;border-left-color: #00bffe !important;border-left-style: solid !important;border-right-color: #00bffe !important;border-right-style: solid !important;border-top-color: #00bffe !important;border-top-style: solid !important;border-bottom-color: #00bffe !important;border-bottom-style: solid !important;border-radius: 30px !important;}\u00bb el_id=\u00bbb6home\u00bb][vc_column][vc_column_text]<a href=\"https:\/\/www.joseconsulting.com\/es\/contacto\/\">No dudes en contactar conmigo<\/a>[\/vc_column_text][\/vc_column][\/vc_row]<\/p>\n<\/section>","protected":false},"excerpt":{"rendered":"<p>[vc_row el_id=\u00bbtop_page\u00bb][vc_column][vc_custom_heading source=\u00bbpost_title\u00bb font_container=\u00bbtag:h1|text_align:left\u00bb use_theme_fonts=\u00bbyes\u00bb][\/vc_column][\/vc_row][vc_row el_id=\u00bbb4home\u00bb el_class=\u00bbfilaservicios\u00bb][vc_column offset=\u00bbvc_col-md-3&#8243;][\/vc_column][vc_column offset=\u00bbvc_col-md-9&#8243;][vc_custom_heading text=\u00bbServicios de contabilidad y fiscalidad para aut\u00f3nomos y peque\u00f1as empresas en Espa\u00f1a\u00bb use_theme_fonts=\u00bbyes\u00bb][vc_column_text]Si est\u00e1s registrado como aut\u00f3nomo o tienes una peque\u00f1a empresa, revisar\u00e9 tus archivos de ingresos y gastos para informarte sobre los resultados de tu negocio. Mi enfoque es garantizar que cumplas con todas las [&hellip;]<\/p>\n","protected":false},"author":1,"featured_media":0,"parent":0,"menu_order":0,"comment_status":"closed","ping_status":"closed","template":"","meta":{"footnotes":""},"class_list":["post-82","page","type-page","status-publish","hentry"],"yoast_head":"<!-- This site is optimized with the Yoast SEO plugin v25.8 - https:\/\/yoast.com\/wordpress\/plugins\/seo\/ -->\n<title>Servicios - Jose Consulting<\/title>\n<meta name=\"description\" content=\"Estos son los servicios contables, fiscales y de asesoramiento general que ofrezco en Jose Consulting para tus impuestos en Espa\u00f1a.\" \/>\n<meta name=\"robots\" content=\"index, follow, max-snippet:-1, max-image-preview:large, max-video-preview:-1\" \/>\n<link rel=\"canonical\" href=\"https:\/\/www.joseconsulting.com\/es\/servicios\/\" \/>\n<meta property=\"og:locale\" content=\"es_ES\" \/>\n<meta property=\"og:type\" content=\"article\" \/>\n<meta property=\"og:title\" content=\"Servicios - Jose Consulting\" \/>\n<meta property=\"og:description\" content=\"Estos son los servicios contables, fiscales y de asesoramiento general que ofrezco en Jose Consulting para tus impuestos en Espa\u00f1a.\" \/>\n<meta property=\"og:url\" content=\"https:\/\/www.joseconsulting.com\/es\/servicios\/\" \/>\n<meta property=\"og:site_name\" content=\"Jose Consulting\" \/>\n<meta property=\"article:modified_time\" content=\"2025-03-19T21:02:16+00:00\" \/>\n<meta name=\"twitter:card\" content=\"summary_large_image\" \/>\n<script type=\"application\/ld+json\" class=\"yoast-schema-graph\">{\"@context\":\"https:\/\/schema.org\",\"@graph\":[{\"@type\":\"WebPage\",\"@id\":\"https:\/\/www.joseconsulting.com\/es\/servicios\/\",\"url\":\"https:\/\/www.joseconsulting.com\/es\/servicios\/\",\"name\":\"Servicios - Jose Consulting\",\"isPartOf\":{\"@id\":\"https:\/\/www.joseconsulting.com\/#website\"},\"datePublished\":\"2023-07-19T06:41:07+00:00\",\"dateModified\":\"2025-03-19T21:02:16+00:00\",\"description\":\"Estos son los servicios contables, fiscales y de asesoramiento general que ofrezco en Jose Consulting para tus impuestos en Espa\u00f1a.\",\"breadcrumb\":{\"@id\":\"https:\/\/www.joseconsulting.com\/es\/servicios\/#breadcrumb\"},\"inLanguage\":\"es\",\"potentialAction\":[{\"@type\":\"ReadAction\",\"target\":[\"https:\/\/www.joseconsulting.com\/es\/servicios\/\"]}]},{\"@type\":\"BreadcrumbList\",\"@id\":\"https:\/\/www.joseconsulting.com\/es\/servicios\/#breadcrumb\",\"itemListElement\":[{\"@type\":\"ListItem\",\"position\":1,\"name\":\"Portada\",\"item\":\"https:\/\/www.joseconsulting.com\/es\/\"},{\"@type\":\"ListItem\",\"position\":2,\"name\":\"Servicios\"}]},{\"@type\":\"WebSite\",\"@id\":\"https:\/\/www.joseconsulting.com\/#website\",\"url\":\"https:\/\/www.joseconsulting.com\/\",\"name\":\"Jose consulting\",\"description\":\"Asesor fiscal y contable\",\"publisher\":{\"@id\":\"https:\/\/www.joseconsulting.com\/#organization\"},\"potentialAction\":[{\"@type\":\"SearchAction\",\"target\":{\"@type\":\"EntryPoint\",\"urlTemplate\":\"https:\/\/www.joseconsulting.com\/?s={search_term_string}\"},\"query-input\":{\"@type\":\"PropertyValueSpecification\",\"valueRequired\":true,\"valueName\":\"search_term_string\"}}],\"inLanguage\":\"es\"},{\"@type\":\"Organization\",\"@id\":\"https:\/\/www.joseconsulting.com\/#organization\",\"name\":\"Jose consulting\",\"url\":\"https:\/\/www.joseconsulting.com\/\",\"logo\":{\"@type\":\"ImageObject\",\"inLanguage\":\"es\",\"@id\":\"https:\/\/www.joseconsulting.com\/#\/schema\/logo\/image\/\",\"url\":\"https:\/\/www.joseconsulting.com\/wp-content\/uploads\/2023\/07\/Jose-Consulting-1.png\",\"contentUrl\":\"https:\/\/www.joseconsulting.com\/wp-content\/uploads\/2023\/07\/Jose-Consulting-1.png\",\"width\":342,\"height\":102,\"caption\":\"Jose consulting\"},\"image\":{\"@id\":\"https:\/\/www.joseconsulting.com\/#\/schema\/logo\/image\/\"},\"sameAs\":[\"https:\/\/www.linkedin.com\/in\/jose-manuel-garcia-ribas-21812bab\/\",\"https:\/\/www.upwork.com\/freelancers\/~01e2a8f901c002a520\"]}]}<\/script>\n<!-- \/ Yoast SEO plugin. -->","yoast_head_json":{"title":"Servicios - Jose Consulting","description":"Estos son los servicios contables, fiscales y de asesoramiento general que ofrezco en Jose Consulting para tus impuestos en Espa\u00f1a.","robots":{"index":"index","follow":"follow","max-snippet":"max-snippet:-1","max-image-preview":"max-image-preview:large","max-video-preview":"max-video-preview:-1"},"canonical":"https:\/\/www.joseconsulting.com\/es\/servicios\/","og_locale":"es_ES","og_type":"article","og_title":"Servicios - Jose Consulting","og_description":"Estos son los servicios contables, fiscales y de asesoramiento general que ofrezco en Jose Consulting para tus impuestos en Espa\u00f1a.","og_url":"https:\/\/www.joseconsulting.com\/es\/servicios\/","og_site_name":"Jose Consulting","article_modified_time":"2025-03-19T21:02:16+00:00","twitter_card":"summary_large_image","schema":{"@context":"https:\/\/schema.org","@graph":[{"@type":"WebPage","@id":"https:\/\/www.joseconsulting.com\/es\/servicios\/","url":"https:\/\/www.joseconsulting.com\/es\/servicios\/","name":"Servicios - Jose Consulting","isPartOf":{"@id":"https:\/\/www.joseconsulting.com\/#website"},"datePublished":"2023-07-19T06:41:07+00:00","dateModified":"2025-03-19T21:02:16+00:00","description":"Estos son los servicios contables, fiscales y de asesoramiento general que ofrezco en Jose Consulting para tus impuestos en Espa\u00f1a.","breadcrumb":{"@id":"https:\/\/www.joseconsulting.com\/es\/servicios\/#breadcrumb"},"inLanguage":"es","potentialAction":[{"@type":"ReadAction","target":["https:\/\/www.joseconsulting.com\/es\/servicios\/"]}]},{"@type":"BreadcrumbList","@id":"https:\/\/www.joseconsulting.com\/es\/servicios\/#breadcrumb","itemListElement":[{"@type":"ListItem","position":1,"name":"Portada","item":"https:\/\/www.joseconsulting.com\/es\/"},{"@type":"ListItem","position":2,"name":"Servicios"}]},{"@type":"WebSite","@id":"https:\/\/www.joseconsulting.com\/#website","url":"https:\/\/www.joseconsulting.com\/","name":"Jose consulting","description":"Asesor fiscal y contable","publisher":{"@id":"https:\/\/www.joseconsulting.com\/#organization"},"potentialAction":[{"@type":"SearchAction","target":{"@type":"EntryPoint","urlTemplate":"https:\/\/www.joseconsulting.com\/?s={search_term_string}"},"query-input":{"@type":"PropertyValueSpecification","valueRequired":true,"valueName":"search_term_string"}}],"inLanguage":"es"},{"@type":"Organization","@id":"https:\/\/www.joseconsulting.com\/#organization","name":"Jose consulting","url":"https:\/\/www.joseconsulting.com\/","logo":{"@type":"ImageObject","inLanguage":"es","@id":"https:\/\/www.joseconsulting.com\/#\/schema\/logo\/image\/","url":"https:\/\/www.joseconsulting.com\/wp-content\/uploads\/2023\/07\/Jose-Consulting-1.png","contentUrl":"https:\/\/www.joseconsulting.com\/wp-content\/uploads\/2023\/07\/Jose-Consulting-1.png","width":342,"height":102,"caption":"Jose consulting"},"image":{"@id":"https:\/\/www.joseconsulting.com\/#\/schema\/logo\/image\/"},"sameAs":["https:\/\/www.linkedin.com\/in\/jose-manuel-garcia-ribas-21812bab\/","https:\/\/www.upwork.com\/freelancers\/~01e2a8f901c002a520"]}]}},"_links":{"self":[{"href":"https:\/\/www.joseconsulting.com\/es\/wp-json\/wp\/v2\/pages\/82","targetHints":{"allow":["GET"]}}],"collection":[{"href":"https:\/\/www.joseconsulting.com\/es\/wp-json\/wp\/v2\/pages"}],"about":[{"href":"https:\/\/www.joseconsulting.com\/es\/wp-json\/wp\/v2\/types\/page"}],"author":[{"embeddable":true,"href":"https:\/\/www.joseconsulting.com\/es\/wp-json\/wp\/v2\/users\/1"}],"replies":[{"embeddable":true,"href":"https:\/\/www.joseconsulting.com\/es\/wp-json\/wp\/v2\/comments?post=82"}],"version-history":[{"count":0,"href":"https:\/\/www.joseconsulting.com\/es\/wp-json\/wp\/v2\/pages\/82\/revisions"}],"wp:attachment":[{"href":"https:\/\/www.joseconsulting.com\/es\/wp-json\/wp\/v2\/media?parent=82"}],"curies":[{"name":"wp","href":"https:\/\/api.w.org\/{rel}","templated":true}]}}