{"id":62,"date":"2023-07-04T12:01:03","date_gmt":"2023-07-04T10:01:03","guid":{"rendered":"https:\/\/www.joseconsulting.com\/pagina-ejemplo\/"},"modified":"2025-08-13T11:03:47","modified_gmt":"2025-08-13T09:03:47","slug":"pagina-ejemplo","status":"publish","type":"page","link":"https:\/\/www.joseconsulting.com\/es\/","title":{"rendered":"Inicio"},"content":{"rendered":"<section class=\"wpb-content-wrapper\"><p>[vc_row full_width=\u00bbstretch_row_content_no_spaces\u00bb el_id=\u00bbtophome\u00bb][vc_column][vc_row_inner css=\u00bb.vc_custom_1690533190447{margin-top: 15px !important;margin-right: 15px !important;margin-bottom: 15px !important;margin-left: 15px !important;background-image: url(https:\/\/www.joseconsulting.com\/wp-content\/uploads\/2023\/07\/background.webp?id=262) !important;background-position: center !important;background-repeat: no-repeat !important;background-size: cover !important;}\u00bb el_id=\u00bbintophome\u00bb][vc_column_inner][vc_custom_heading text=\u00bb\u00a1Hola! Soy Jose, asesor fiscal y contable en Espa\u00f1a\u00bb font_container=\u00bbtag:h1|text_align:left|color:%23ffffff\u00bb use_theme_fonts=\u00bbyes\u00bb][vc_column_text]<\/p>\n<p data-pm-slice=\"1 1 []\">Con m\u00e1s de 20 a\u00f1os de experiencia, ayudo a freelancers, emprendedores y peque\u00f1os negocios a cumplir con sus obligaciones fiscales de manera clara, eficiente y sin complicaciones.<\/p>\n<p>[\/vc_column_text][vc_raw_html]JTNDYSUyMGhyZWYlM0QlMjJodHRwcyUzQSUyRiUyRnd3dy5qb3NlY29uc3VsdGluZy5jb20lMkZlcyUyRnNlcnZpY2lvcyUyRiUyMiUyMGNsYXNzJTNEJTIyYnRuX3doaXRlJTIyJTNFU2VydmljaW9zJTNDJTJGYSUzRSUwQSUzQ2ElMjBocmVmJTNEJTIyaHR0cHMlM0ElMkYlMkZ3d3cuam9zZWNvbnN1bHRpbmcuY29tJTJGZXMlMkZjb250YWN0byUyRiUyMiUyMGNsYXNzJTNEJTIyYnRuX2JsdWUlMjIlM0VQaWRlJTIwdW5hJTIwY2l0YSUzQyUyRmElM0UlMEElMEE=[\/vc_raw_html][\/vc_column_inner][\/vc_row_inner][\/vc_column][\/vc_row][vc_row el_id=\u00bbb3home\u00bb][vc_column width=\u00bb7\/12&#8243;][vc_row_inner][vc_column_inner offset=\u00bbvc_col-md-4&#8243;][vc_raw_html]JTNDYSUyMGhyZWYlM0QlMjJodHRwcyUzQSUyRiUyRnd3dy5qb3NlY29uc3VsdGluZy5jb20lMkZlcyUyRnNvYnJlLW1pJTJGJTIyJTIwY2xhc3MlM0QlMjJidG4yJTIyJTNFU29icmUlMjBtaSUzQyUyRmElM0U=[\/vc_raw_html][\/vc_column_inner][vc_column_inner offset=\u00bbvc_col-md-8&#8243;][vc_custom_heading text=\u00bbVivo en Ibiza, Espa\u00f1a, y tengo m\u00e1s de 20 a\u00f1os de experiencia en consultor\u00eda fiscal.\u00bb use_theme_fonts=\u00bbyes\u00bb][\/vc_column_inner][\/vc_row_inner][vc_column_text]<\/p>\n<p role=\"heading\" aria-level=\"2\">Mi objetivo es que entiendas tus impuestos, optimices tu situaci\u00f3n fiscal y te concentres en lo que realmente importa: hacer crecer tu negocio y disfrutar de tu vida.<\/p>\n<p>[\/vc_column_text][\/vc_column][vc_column width=\u00bb5\/12&#8243;][vc_single_image image=\u00bb194&#8243; img_size=\u00bbfull\u00bb][\/vc_column][\/vc_row][vc_row el_id=\u00bbb1home\u00bb][vc_column offset=\u00bbvc_col-md-5&#8243;][vc_custom_heading text=\u00bbTu tranquilidad y \u00e9xito financiero son mi m\u00e1xima prioridad.\u00bb use_theme_fonts=\u00bbyes\u00bb][\/vc_column][vc_column offset=\u00bbvc_col-md-6&#8243;][vc_column_text]<\/p>\n<h2>\u00bfTe suena esto?<\/h2>\n<p><strong>\u2022 Te sientes perdido<\/strong> con el sistema fiscal espa\u00f1ol.<br \/>\n<strong>\u2022 Tu gestor tarda d\u00edas en responderte<\/strong> y no te aclara las dudas.<br \/>\n<strong>\u2022 Siempre hablas con personas diferentes<\/strong> y tienes que explicar una y otra vez tu situaci\u00f3n.<br \/>\n<strong>\u2022 No sabes cu\u00e1ntos impuestos pagas ni si podr\u00edas pagar menos.<\/strong><\/p>\n<p>Si te identificas con alguno de estos problemas, aqu\u00ed encontrar\u00e1s una soluci\u00f3n. Trabajo de forma cercana y personalizada para que tengas la tranquilidad de que todo est\u00e1 bajo control.[\/vc_column_text][\/vc_column][vc_column offset=\u00bbvc_col-md-1 vc_hidden-sm vc_hidden-xs\u00bb][\/vc_column][\/vc_row][vc_row el_id=\u00bbb2home\u00bb][vc_column width=\u00bb3\/12&#8243;][\/vc_column][vc_column width=\u00bb8\/12&#8243;][vc_column_text]<\/p>\n<p role=\"heading\" aria-level=\"2\">Jose Consulting est\u00e1 aqu\u00ed para ayudarte con tus obligaciones fiscales, garantizando el cumplimiento de las leyes espa\u00f1olas y maximizando el resultado de tus impuestos.<\/p>\n<p>[\/vc_column_text][\/vc_column][vc_column width=\u00bb1\/12&#8243;][\/vc_column][\/vc_row][vc_row el_id=\u00bbb4home\u00bb][vc_column offset=\u00bbvc_col-md-3&#8243;][vc_raw_html]JTNDYSUyMGhyZWYlM0QlMjJodHRwcyUzQSUyRiUyRnd3dy5qb3NlY29uc3VsdGluZy5jb20lMkZlcyUyRnNlcnZpY2lvcyUyRiUyMiUyMGNsYXNzJTNEJTIyYnRuMiUyMiUzRVNlcnZpY2lvcyUzQyUyRmElM0U=[\/vc_raw_html][\/vc_column][vc_column offset=\u00bbvc_col-md-9&#8243;][vc_custom_heading text=\u00bb\u00bfEn qu\u00e9 puedo ayudarte?\u00bb use_theme_fonts=\u00bbyes\u00bb][vc_row_inner el_id=\u00bbbservicios\u00bb][vc_column_inner width=\u00bb1\/2&#8243;][vc_column_text]<strong>Si eres aut\u00f3nomo en Espa\u00f1a, te ayudo con:<\/strong><\/p>\n<p>Alta como aut\u00f3nomo y gestiones con Hacienda y Seguridad Social.<\/p>\n<p>Presentaci\u00f3n de impuestos trimestrales y anuales (IVA, IRPF, etc.).<\/p>\n<p>Contabilidad y facturaci\u00f3n para tu negocio.[\/vc_column_text][\/vc_column_inner][vc_column_inner width=\u00bb1\/2&#8243;][vc_column_text]<strong>Si eres un extranjero viviendo en Espa\u00f1a, te ayudo con:<\/strong><\/p>\n<p>Registro en la Beckham Law para pagar menos impuestos.<\/p>\n<p>Declaraciones fiscales como no residente.<\/p>\n<p>Optimizaci\u00f3n fiscal para expatriados y trabajadores remotos.[\/vc_column_text][\/vc_column_inner][\/vc_row_inner][vc_column_text]<strong>Otros servicios:<\/strong><\/p>\n<p>\u2022 Presentaci\u00f3n de declaraciones espec\u00edficas (Modelo 720, Patrimonio, etc.).<\/p>\n<p>\u2022 Asesoramiento fiscal 1 a 1 para resolver cualquier duda[\/vc_column_text][\/vc_column][\/vc_row][vc_row el_id=\u00bbb5home\u00bb][vc_column width=\u00bb3\/12&#8243;][vc_raw_html]JTNDYSUyMGhyZWYlM0QlMjJodHRwcyUzQSUyRiUyRnd3dy5qb3NlY29uc3VsdGluZy5jb20lMkZlcyUyRnNvYnJlLW1pJTJGJTIyJTIwY2xhc3MlM0QlMjJidG4yJTIyJTNFTWlzaSVDMyVCM24lM0MlMkZhJTNF[\/vc_raw_html][\/vc_column][vc_column width=\u00bb9\/12&#8243;][vc_custom_heading text=\u00bb\u00a1M\u00e1s que n\u00fameros, tranquilidad para ti!\u00bb use_theme_fonts=\u00bbyes\u00bb][vc_column_text]A diferencia de las grandes asesor\u00edas donde eres un n\u00famero m\u00e1s, aqu\u00ed recibir\u00e1s atenci\u00f3n directa, r\u00e1pida y personalizada. Mi compromiso es que entiendas tus impuestos y tomes mejores decisiones financieras.<\/p>\n<p><strong>\u00bfListo para olvidarte del estr\u00e9s fiscal?<\/strong> <a href=\"https:\/\/www.joseconsulting.com\/es\/contacto\/\">Escr\u00edbeme hoy<\/a> y descubre lo f\u00e1cil que puede ser gestionar tus impuestos en Espa\u00f1a.[\/vc_column_text][\/vc_column][\/vc_row][vc_row css=\u00bb.vc_custom_1688989923244{border-top-width: 1px !important;border-right-width: 1px !important;border-bottom-width: 1px !important;border-left-width: 1px !important;border-left-color: #00bffe !important;border-left-style: solid !important;border-right-color: #00bffe !important;border-right-style: solid !important;border-top-color: #00bffe !important;border-top-style: solid !important;border-bottom-color: #00bffe !important;border-bottom-style: solid !important;border-radius: 30px !important;}\u00bb el_id=\u00bbb6home\u00bb][vc_column][vc_column_text]<a href=\"https:\/\/www.joseconsulting.com\/es\/contacto\/\">No dudes en contactar conmigo<\/a>[\/vc_column_text][\/vc_column][\/vc_row]<\/p>\n<\/section>","protected":false},"excerpt":{"rendered":"<p>[vc_row full_width=\u00bbstretch_row_content_no_spaces\u00bb el_id=\u00bbtophome\u00bb][vc_column][vc_row_inner css=\u00bb.vc_custom_1690533190447{margin-top: 15px !important;margin-right: 15px !important;margin-bottom: 15px !important;margin-left: 15px !important;background-image: url(https:\/\/www.joseconsulting.com\/wp-content\/uploads\/2023\/07\/background.webp?id=262) !important;background-position: center !important;background-repeat: no-repeat !important;background-size: cover !important;}\u00bb el_id=\u00bbintophome\u00bb][vc_column_inner][vc_custom_heading text=\u00bb\u00a1Hola! Soy Jose, asesor fiscal y contable en Espa\u00f1a\u00bb font_container=\u00bbtag:h1|text_align:left|color:%23ffffff\u00bb use_theme_fonts=\u00bbyes\u00bb][vc_column_text] Con m\u00e1s de 20 a\u00f1os de experiencia, ayudo a freelancers, emprendedores y peque\u00f1os negocios a cumplir con sus obligaciones fiscales de manera clara, [&hellip;]<\/p>\n","protected":false},"author":1,"featured_media":0,"parent":0,"menu_order":0,"comment_status":"closed","ping_status":"open","template":"","meta":{"footnotes":""},"class_list":["post-62","page","type-page","status-publish","hentry"],"yoast_head":"<!-- This site is optimized with the Yoast SEO plugin v25.8 - https:\/\/yoast.com\/wordpress\/plugins\/seo\/ -->\n<title>Jose Consulting - Asesor Fiscal y Contable en Espa\u00f1a<\/title>\n<meta name=\"description\" content=\"Con m\u00e1s de 20 a\u00f1os de experiencia, ofrezco asesoramiento fiscal y contable para aut\u00f3nomos y peque\u00f1as empresas en Espa\u00f1a.\" \/>\n<meta name=\"robots\" content=\"index, follow, max-snippet:-1, max-image-preview:large, max-video-preview:-1\" \/>\n<link rel=\"canonical\" href=\"https:\/\/www.joseconsulting.com\/es\/\" \/>\n<meta property=\"og:locale\" content=\"es_ES\" \/>\n<meta property=\"og:type\" content=\"article\" \/>\n<meta property=\"og:title\" content=\"Jose Consulting - Asesor Fiscal y Contable en Espa\u00f1a\" \/>\n<meta property=\"og:description\" content=\"Con m\u00e1s de 20 a\u00f1os de experiencia, ofrezco asesoramiento fiscal y contable para aut\u00f3nomos y peque\u00f1as empresas en Espa\u00f1a.\" \/>\n<meta property=\"og:url\" content=\"https:\/\/www.joseconsulting.com\/es\/\" \/>\n<meta property=\"og:site_name\" content=\"Jose Consulting\" \/>\n<meta property=\"article:modified_time\" content=\"2025-08-13T09:03:47+00:00\" \/>\n<meta name=\"twitter:card\" content=\"summary_large_image\" \/>\n<script type=\"application\/ld+json\" class=\"yoast-schema-graph\">{\"@context\":\"https:\/\/schema.org\",\"@graph\":[{\"@type\":\"WebPage\",\"@id\":\"https:\/\/www.joseconsulting.com\/es\/\",\"url\":\"https:\/\/www.joseconsulting.com\/es\/\",\"name\":\"Jose Consulting - Asesor Fiscal y Contable en Espa\u00f1a\",\"isPartOf\":{\"@id\":\"https:\/\/www.joseconsulting.com\/#website\"},\"datePublished\":\"2023-07-04T10:01:03+00:00\",\"dateModified\":\"2025-08-13T09:03:47+00:00\",\"description\":\"Con m\u00e1s de 20 a\u00f1os de experiencia, ofrezco asesoramiento fiscal y contable para aut\u00f3nomos y peque\u00f1as empresas en Espa\u00f1a.\",\"breadcrumb\":{\"@id\":\"https:\/\/www.joseconsulting.com\/es\/#breadcrumb\"},\"inLanguage\":\"es\",\"potentialAction\":[{\"@type\":\"ReadAction\",\"target\":[\"https:\/\/www.joseconsulting.com\/es\/\"]}]},{\"@type\":\"BreadcrumbList\",\"@id\":\"https:\/\/www.joseconsulting.com\/es\/#breadcrumb\",\"itemListElement\":[{\"@type\":\"ListItem\",\"position\":1,\"name\":\"Portada\",\"item\":\"https:\/\/www.joseconsulting.com\/es\/\"},{\"@type\":\"ListItem\",\"position\":2,\"name\":\"Inicio\"}]},{\"@type\":\"WebSite\",\"@id\":\"https:\/\/www.joseconsulting.com\/#website\",\"url\":\"https:\/\/www.joseconsulting.com\/\",\"name\":\"Jose consulting\",\"description\":\"Asesor fiscal y contable\",\"publisher\":{\"@id\":\"https:\/\/www.joseconsulting.com\/#organization\"},\"potentialAction\":[{\"@type\":\"SearchAction\",\"target\":{\"@type\":\"EntryPoint\",\"urlTemplate\":\"https:\/\/www.joseconsulting.com\/?s={search_term_string}\"},\"query-input\":{\"@type\":\"PropertyValueSpecification\",\"valueRequired\":true,\"valueName\":\"search_term_string\"}}],\"inLanguage\":\"es\"},{\"@type\":\"Organization\",\"@id\":\"https:\/\/www.joseconsulting.com\/#organization\",\"name\":\"Jose consulting\",\"url\":\"https:\/\/www.joseconsulting.com\/\",\"logo\":{\"@type\":\"ImageObject\",\"inLanguage\":\"es\",\"@id\":\"https:\/\/www.joseconsulting.com\/#\/schema\/logo\/image\/\",\"url\":\"https:\/\/www.joseconsulting.com\/wp-content\/uploads\/2023\/07\/Jose-Consulting-1.png\",\"contentUrl\":\"https:\/\/www.joseconsulting.com\/wp-content\/uploads\/2023\/07\/Jose-Consulting-1.png\",\"width\":342,\"height\":102,\"caption\":\"Jose consulting\"},\"image\":{\"@id\":\"https:\/\/www.joseconsulting.com\/#\/schema\/logo\/image\/\"},\"sameAs\":[\"https:\/\/www.linkedin.com\/in\/jose-manuel-garcia-ribas-21812bab\/\",\"https:\/\/www.upwork.com\/freelancers\/~01e2a8f901c002a520\"]}]}<\/script>\n<!-- \/ Yoast SEO plugin. -->","yoast_head_json":{"title":"Jose Consulting - Asesor Fiscal y Contable en Espa\u00f1a","description":"Con m\u00e1s de 20 a\u00f1os de experiencia, ofrezco asesoramiento fiscal y contable para aut\u00f3nomos y peque\u00f1as empresas en Espa\u00f1a.","robots":{"index":"index","follow":"follow","max-snippet":"max-snippet:-1","max-image-preview":"max-image-preview:large","max-video-preview":"max-video-preview:-1"},"canonical":"https:\/\/www.joseconsulting.com\/es\/","og_locale":"es_ES","og_type":"article","og_title":"Jose Consulting - Asesor Fiscal y Contable en Espa\u00f1a","og_description":"Con m\u00e1s de 20 a\u00f1os de experiencia, ofrezco asesoramiento fiscal y contable para aut\u00f3nomos y peque\u00f1as empresas en Espa\u00f1a.","og_url":"https:\/\/www.joseconsulting.com\/es\/","og_site_name":"Jose Consulting","article_modified_time":"2025-08-13T09:03:47+00:00","twitter_card":"summary_large_image","schema":{"@context":"https:\/\/schema.org","@graph":[{"@type":"WebPage","@id":"https:\/\/www.joseconsulting.com\/es\/","url":"https:\/\/www.joseconsulting.com\/es\/","name":"Jose Consulting - Asesor Fiscal y Contable en Espa\u00f1a","isPartOf":{"@id":"https:\/\/www.joseconsulting.com\/#website"},"datePublished":"2023-07-04T10:01:03+00:00","dateModified":"2025-08-13T09:03:47+00:00","description":"Con m\u00e1s de 20 a\u00f1os de experiencia, ofrezco asesoramiento fiscal y contable para aut\u00f3nomos y peque\u00f1as empresas en Espa\u00f1a.","breadcrumb":{"@id":"https:\/\/www.joseconsulting.com\/es\/#breadcrumb"},"inLanguage":"es","potentialAction":[{"@type":"ReadAction","target":["https:\/\/www.joseconsulting.com\/es\/"]}]},{"@type":"BreadcrumbList","@id":"https:\/\/www.joseconsulting.com\/es\/#breadcrumb","itemListElement":[{"@type":"ListItem","position":1,"name":"Portada","item":"https:\/\/www.joseconsulting.com\/es\/"},{"@type":"ListItem","position":2,"name":"Inicio"}]},{"@type":"WebSite","@id":"https:\/\/www.joseconsulting.com\/#website","url":"https:\/\/www.joseconsulting.com\/","name":"Jose consulting","description":"Asesor fiscal y contable","publisher":{"@id":"https:\/\/www.joseconsulting.com\/#organization"},"potentialAction":[{"@type":"SearchAction","target":{"@type":"EntryPoint","urlTemplate":"https:\/\/www.joseconsulting.com\/?s={search_term_string}"},"query-input":{"@type":"PropertyValueSpecification","valueRequired":true,"valueName":"search_term_string"}}],"inLanguage":"es"},{"@type":"Organization","@id":"https:\/\/www.joseconsulting.com\/#organization","name":"Jose consulting","url":"https:\/\/www.joseconsulting.com\/","logo":{"@type":"ImageObject","inLanguage":"es","@id":"https:\/\/www.joseconsulting.com\/#\/schema\/logo\/image\/","url":"https:\/\/www.joseconsulting.com\/wp-content\/uploads\/2023\/07\/Jose-Consulting-1.png","contentUrl":"https:\/\/www.joseconsulting.com\/wp-content\/uploads\/2023\/07\/Jose-Consulting-1.png","width":342,"height":102,"caption":"Jose consulting"},"image":{"@id":"https:\/\/www.joseconsulting.com\/#\/schema\/logo\/image\/"},"sameAs":["https:\/\/www.linkedin.com\/in\/jose-manuel-garcia-ribas-21812bab\/","https:\/\/www.upwork.com\/freelancers\/~01e2a8f901c002a520"]}]}},"_links":{"self":[{"href":"https:\/\/www.joseconsulting.com\/es\/wp-json\/wp\/v2\/pages\/62","targetHints":{"allow":["GET"]}}],"collection":[{"href":"https:\/\/www.joseconsulting.com\/es\/wp-json\/wp\/v2\/pages"}],"about":[{"href":"https:\/\/www.joseconsulting.com\/es\/wp-json\/wp\/v2\/types\/page"}],"author":[{"embeddable":true,"href":"https:\/\/www.joseconsulting.com\/es\/wp-json\/wp\/v2\/users\/1"}],"replies":[{"embeddable":true,"href":"https:\/\/www.joseconsulting.com\/es\/wp-json\/wp\/v2\/comments?post=62"}],"version-history":[{"count":0,"href":"https:\/\/www.joseconsulting.com\/es\/wp-json\/wp\/v2\/pages\/62\/revisions"}],"wp:attachment":[{"href":"https:\/\/www.joseconsulting.com\/es\/wp-json\/wp\/v2\/media?parent=62"}],"curies":[{"name":"wp","href":"https:\/\/api.w.org\/{rel}","templated":true}]}}