{"id":366,"date":"2023-09-05T11:51:06","date_gmt":"2023-09-05T09:51:06","guid":{"rendered":"https:\/\/www.joseconsulting.com\/accessibility\/"},"modified":"2023-09-06T12:27:32","modified_gmt":"2023-09-06T10:27:32","slug":"accesibilidad","status":"publish","type":"page","link":"https:\/\/www.joseconsulting.com\/es\/accesibilidad\/","title":{"rendered":"Accesibilidad"},"content":{"rendered":"<section class=\"wpb-content-wrapper\"><p>[vc_row el_id=\u00bbtop_page\u00bb][vc_column][vc_custom_heading source=\u00bbpost_title\u00bb font_container=\u00bbtag:h1|text_align:left|color:%23003f7d\u00bb use_theme_fonts=\u00bbyes\u00bb][vc_column_text el_class=\u00bbbaccesibilidad\u00bb]Jos\u00e9 Consulting se ha comprometido a hacer accesible su sitio web, de conformidad con el <a href=\"https:\/\/www.boe.es\/buscar\/act.php?id=BOE-A-2018-12699\" target=\"_blank\" rel=\"noopener\">Real Decreto 1112\/2018, de 7 de septiembre, sobre accesibilidad de los sitios web y aplicaciones para dispositivos m\u00f3viles del sector p\u00fablico<\/a>.<\/p>\n<p>La presente declaraci\u00f3n de accesibilidad se aplica al sitio web https:\/\/www.joseconsulting.com<\/p>\n<p><strong>Situaci\u00f3n de cumplimiento<\/strong><\/p>\n<p>Este sitio web es <strong>parcialmente conforme<\/strong> con el<a href=\"https:\/\/www.boe.es\/diario_boe\/txt.php?id=BOE-A-2018-12699\"> RD 1112\/2018<\/a> debido a las excepciones y a la falta de conformidad de los aspectos que se indican a continuaci\u00f3n.<\/p>\n<p><strong>Contenido no accesible<\/strong><\/p>\n<p>El contenido que se recoge a continuaci\u00f3n no es accesible por lo siguiente:<\/p>\n<ul>\n<li><strong>9.1.4.3 Contraste m\u00ednimo.<\/strong><br \/>\nEn algunos casos, la relaci\u00f3n de contraste no llega al m\u00ednimo exigido<\/li>\n<li><strong>9.1.4.10 Reajuste del texto<\/strong><br \/>\nSi se aumenta un 400% el tama\u00f1o de la web, se pierde contenido y se ha de utilizar el scroll para acceder a \u00e9ste<\/li>\n<li><strong>9.1.4.12 Espaciado del texto<\/strong><br \/>\nEn algunos casos, el espaciado de p\u00e1rrafos no es por lo menos 2 veces el tama\u00f1o del texto y el espaciado de letras no llega a 0.12 veces el tama\u00f1o de letra.<\/li>\n<li><strong>9.6 Requisitos de conformidad de las Pautas WCAG<\/strong><br \/>\nNo se cumplen en el nivel AA, los cinco requisitos de conformidad de las Pautas WCAG<br \/>\nAl haber puntos del apartado 9.1 que no se cumplen, este punto tampoco se cumple<\/li>\n<\/ul>\n<p><strong>Preparaci\u00f3n de la presente declaraci\u00f3n de accesibilidad<\/strong><\/p>\n<p>La presente declaraci\u00f3n fue preparada el 05 de septiembre de 2023.<\/p>\n<p>El m\u00e9todo empleado para preparar la declaraci\u00f3n ha sido una autoevaluaci\u00f3n llevada a cabo por el equipo de accesibilidad de la empresa de programaci\u00f3n.<\/p>\n<p><strong>Observaciones y datos de contacto<\/strong><\/p>\n<p>Puede realizar comunicaciones sobre requisitos de accesibilidad (art\u00edculo 10.2.a del RD 1112\/2018) como, por ejemplo:<\/p>\n<ul>\n<li>Informar sobre cualquier posible incumplimiento por parte de este sitio web<\/li>\n<li>Transmitir otras dificultades de acceso al contenido<\/li>\n<li>Formular cualquier otra consulta o sugerencia de mejora relativa a la accesibilidad del sitio web<\/li>\n<\/ul>\n<p>A trav\u00e9s del siguiente formulario de contacto o A trav\u00e9s del correo electr\u00f3nico <a href=\"mailto:contact@joseconsulting.com\" target=\"_blank\" rel=\"noopener\">contact@joseconsulting.com<\/a> indicando en el asunto \u201cAccesibilidad web\u201d<\/p>\n<p>Las comunicaciones ser\u00e1n recibidas y tratadas por la direcci\u00f3n de Jos\u00e9 Consulting.<\/p>\n<p><strong>Procedimiento de reclamaci\u00f3n<\/strong><\/p>\n<p>Si una vez realizada una solicitud de informaci\u00f3n accesible o queja, \u00e9sta hubiera sido desestimada, no se estuviera de acuerdo con la decisi\u00f3n adoptada, o la respuesta no cumpliera los requisitos contemplados en el art\u00edculo 12.5, la persona interesada podr\u00e1 iniciar una reclamaci\u00f3n. Igualmente se podr\u00e1 iniciar una reclamaci\u00f3n en el caso de que haya trascurrido el plazo de veinte d\u00edas h\u00e1biles sin haber obtenido respuesta.<\/p>\n<p>La reclamaci\u00f3n puede ser presentada por correo electr\u00f3nico a contact@joseconsulting.com, as\u00ed como en el resto de opciones recogidas en la Ley 39\/ 2015, de 1 de octubre, del Procedimiento Administrativo Com\u00fan de las Administraciones P\u00fablicas.<\/p>\n<p><strong>Contenido opcional<\/strong><\/p>\n<p>En esta web se han adoptado una serie de medidas cuyo objetivo es mejorar la accesibilidad. Las ventajas que esto conlleva son, entre otras:<\/p>\n<ol>\n<li>Facilitar el acceso de las personas independientemente de su condici\u00f3n f\u00edsica o de su entorno.<\/li>\n<li>Incluir contenidos claros y bien estructurados.<\/li>\n<li>Mejorar la navegaci\u00f3n y la experiencia del usuario.<\/li>\n<\/ol>\n<p>Adem\u00e1s, el sitio web:<\/p>\n<ul>\n<li aria-level=\"1\">Se ha dise\u00f1ado adapt\u00e1ndose a los est\u00e1ndares y normativas vigentes en relaci\u00f3n a la accesibilidad, cumpliendo con los puntos de verificaci\u00f3n de prioridad 2 (AA) definidos en la especificaci\u00f3n de Pautas de Accesibilidad al Contenido en la Web (WCAG 2.1)<\/li>\n<li aria-level=\"1\">Est\u00e1 optimizado para las \u00faltimas versiones vigentes de Chrome, Edge, Firefox, Safari y Opera<\/li>\n<li aria-level=\"1\">Est\u00e1 dise\u00f1ado para su correcta visualizaci\u00f3n en cualquier resoluci\u00f3n y dispositivo de escritorio, tabletas o m\u00f3viles (dise\u00f1o <i>responsive<\/i>)<\/li>\n<li aria-level=\"1\">Se ha realizado utilizando HTML5 como lenguaje de marcado y hojas de estilo CSS 3 para su dise\u00f1o<\/li>\n<\/ul>\n<p>Dependiendo del navegador desde el que se est\u00e9 accediendo al portal, ser\u00e1 necesario utilizar una combinaci\u00f3n de teclas u otras para el uso de los atajos de teclado.<br \/>\nEn concreto, desde un ordenador apple tenemos estos atajos de teclado:<\/p>\n<p>CTRL + : Aumentar zoom<br \/>\nCTRL &#8211; : Disminuir zoom<br \/>\nInicio: Ir al inicio de la p\u00e1gina.<br \/>\nFin: Ir al final de la p\u00e1gina.<br \/>\nBarra espaciadora: desplazarse hacia abajo un marco<br \/>\nMay\u00fascula &amp; barra espaciadora: desplazarse hacia arriba un marco[\/vc_column_text][\/vc_column][\/vc_row]<\/p>\n<\/section>","protected":false},"excerpt":{"rendered":"<p>[vc_row el_id=\u00bbtop_page\u00bb][vc_column][vc_custom_heading source=\u00bbpost_title\u00bb font_container=\u00bbtag:h1|text_align:left|color:%23003f7d\u00bb use_theme_fonts=\u00bbyes\u00bb][vc_column_text el_class=\u00bbbaccesibilidad\u00bb]Jos\u00e9 Consulting se ha comprometido a hacer accesible su sitio web, de conformidad con el Real Decreto 1112\/2018, de 7 de septiembre, sobre accesibilidad de los sitios web y aplicaciones para dispositivos m\u00f3viles del sector p\u00fablico. La presente declaraci\u00f3n de accesibilidad se aplica al sitio web https:\/\/www.joseconsulting.com Situaci\u00f3n de cumplimiento [&hellip;]<\/p>\n","protected":false},"author":1,"featured_media":0,"parent":0,"menu_order":0,"comment_status":"closed","ping_status":"closed","template":"","meta":{"footnotes":""},"class_list":["post-366","page","type-page","status-publish","hentry"],"yoast_head":"<!-- This site is optimized with the Yoast SEO plugin v25.8 - https:\/\/yoast.com\/wordpress\/plugins\/seo\/ -->\n<title>Accesibilidad - Jose Consulting<\/title>\n<meta name=\"robots\" content=\"index, follow, max-snippet:-1, max-image-preview:large, max-video-preview:-1\" \/>\n<link rel=\"canonical\" href=\"https:\/\/www.joseconsulting.com\/es\/accesibilidad\/\" \/>\n<meta property=\"og:locale\" content=\"es_ES\" \/>\n<meta property=\"og:type\" content=\"article\" \/>\n<meta property=\"og:title\" content=\"Accesibilidad - Jose Consulting\" \/>\n<meta property=\"og:description\" content=\"[vc_row el_id=\u00bbtop_page\u00bb][vc_column][vc_custom_heading source=\u00bbpost_title\u00bb font_container=\u00bbtag:h1|text_align:left|color:%23003f7d\u00bb use_theme_fonts=\u00bbyes\u00bb][vc_column_text el_class=\u00bbbaccesibilidad\u00bb]Jos\u00e9 Consulting se ha comprometido a hacer accesible su sitio web, de conformidad con el Real Decreto 1112\/2018, de 7 de septiembre, sobre accesibilidad de los sitios web y aplicaciones para dispositivos m\u00f3viles del sector p\u00fablico. La presente declaraci\u00f3n de accesibilidad se aplica al sitio web https:\/\/www.joseconsulting.com Situaci\u00f3n de cumplimiento [&hellip;]\" \/>\n<meta property=\"og:url\" content=\"https:\/\/www.joseconsulting.com\/es\/accesibilidad\/\" \/>\n<meta property=\"og:site_name\" content=\"Jose Consulting\" \/>\n<meta property=\"article:modified_time\" content=\"2023-09-06T10:27:32+00:00\" \/>\n<meta name=\"twitter:card\" content=\"summary_large_image\" \/>\n<script type=\"application\/ld+json\" class=\"yoast-schema-graph\">{\"@context\":\"https:\/\/schema.org\",\"@graph\":[{\"@type\":\"WebPage\",\"@id\":\"https:\/\/www.joseconsulting.com\/es\/accesibilidad\/\",\"url\":\"https:\/\/www.joseconsulting.com\/es\/accesibilidad\/\",\"name\":\"Accesibilidad - Jose Consulting\",\"isPartOf\":{\"@id\":\"https:\/\/www.joseconsulting.com\/#website\"},\"datePublished\":\"2023-09-05T09:51:06+00:00\",\"dateModified\":\"2023-09-06T10:27:32+00:00\",\"breadcrumb\":{\"@id\":\"https:\/\/www.joseconsulting.com\/es\/accesibilidad\/#breadcrumb\"},\"inLanguage\":\"es\",\"potentialAction\":[{\"@type\":\"ReadAction\",\"target\":[\"https:\/\/www.joseconsulting.com\/es\/accesibilidad\/\"]}]},{\"@type\":\"BreadcrumbList\",\"@id\":\"https:\/\/www.joseconsulting.com\/es\/accesibilidad\/#breadcrumb\",\"itemListElement\":[{\"@type\":\"ListItem\",\"position\":1,\"name\":\"Portada\",\"item\":\"https:\/\/www.joseconsulting.com\/es\/\"},{\"@type\":\"ListItem\",\"position\":2,\"name\":\"Accesibilidad\"}]},{\"@type\":\"WebSite\",\"@id\":\"https:\/\/www.joseconsulting.com\/#website\",\"url\":\"https:\/\/www.joseconsulting.com\/\",\"name\":\"Jose consulting\",\"description\":\"Asesor fiscal y contable\",\"publisher\":{\"@id\":\"https:\/\/www.joseconsulting.com\/#organization\"},\"potentialAction\":[{\"@type\":\"SearchAction\",\"target\":{\"@type\":\"EntryPoint\",\"urlTemplate\":\"https:\/\/www.joseconsulting.com\/?s={search_term_string}\"},\"query-input\":{\"@type\":\"PropertyValueSpecification\",\"valueRequired\":true,\"valueName\":\"search_term_string\"}}],\"inLanguage\":\"es\"},{\"@type\":\"Organization\",\"@id\":\"https:\/\/www.joseconsulting.com\/#organization\",\"name\":\"Jose consulting\",\"url\":\"https:\/\/www.joseconsulting.com\/\",\"logo\":{\"@type\":\"ImageObject\",\"inLanguage\":\"es\",\"@id\":\"https:\/\/www.joseconsulting.com\/#\/schema\/logo\/image\/\",\"url\":\"https:\/\/www.joseconsulting.com\/wp-content\/uploads\/2023\/07\/Jose-Consulting-1.png\",\"contentUrl\":\"https:\/\/www.joseconsulting.com\/wp-content\/uploads\/2023\/07\/Jose-Consulting-1.png\",\"width\":342,\"height\":102,\"caption\":\"Jose consulting\"},\"image\":{\"@id\":\"https:\/\/www.joseconsulting.com\/#\/schema\/logo\/image\/\"},\"sameAs\":[\"https:\/\/www.linkedin.com\/in\/jose-manuel-garcia-ribas-21812bab\/\",\"https:\/\/www.upwork.com\/freelancers\/~01e2a8f901c002a520\"]}]}<\/script>\n<!-- \/ Yoast SEO plugin. -->","yoast_head_json":{"title":"Accesibilidad - Jose Consulting","robots":{"index":"index","follow":"follow","max-snippet":"max-snippet:-1","max-image-preview":"max-image-preview:large","max-video-preview":"max-video-preview:-1"},"canonical":"https:\/\/www.joseconsulting.com\/es\/accesibilidad\/","og_locale":"es_ES","og_type":"article","og_title":"Accesibilidad - Jose Consulting","og_description":"[vc_row el_id=\u00bbtop_page\u00bb][vc_column][vc_custom_heading source=\u00bbpost_title\u00bb font_container=\u00bbtag:h1|text_align:left|color:%23003f7d\u00bb use_theme_fonts=\u00bbyes\u00bb][vc_column_text el_class=\u00bbbaccesibilidad\u00bb]Jos\u00e9 Consulting se ha comprometido a hacer accesible su sitio web, de conformidad con el Real Decreto 1112\/2018, de 7 de septiembre, sobre accesibilidad de los sitios web y aplicaciones para dispositivos m\u00f3viles del sector p\u00fablico. La presente declaraci\u00f3n de accesibilidad se aplica al sitio web https:\/\/www.joseconsulting.com Situaci\u00f3n de cumplimiento [&hellip;]","og_url":"https:\/\/www.joseconsulting.com\/es\/accesibilidad\/","og_site_name":"Jose Consulting","article_modified_time":"2023-09-06T10:27:32+00:00","twitter_card":"summary_large_image","schema":{"@context":"https:\/\/schema.org","@graph":[{"@type":"WebPage","@id":"https:\/\/www.joseconsulting.com\/es\/accesibilidad\/","url":"https:\/\/www.joseconsulting.com\/es\/accesibilidad\/","name":"Accesibilidad - Jose Consulting","isPartOf":{"@id":"https:\/\/www.joseconsulting.com\/#website"},"datePublished":"2023-09-05T09:51:06+00:00","dateModified":"2023-09-06T10:27:32+00:00","breadcrumb":{"@id":"https:\/\/www.joseconsulting.com\/es\/accesibilidad\/#breadcrumb"},"inLanguage":"es","potentialAction":[{"@type":"ReadAction","target":["https:\/\/www.joseconsulting.com\/es\/accesibilidad\/"]}]},{"@type":"BreadcrumbList","@id":"https:\/\/www.joseconsulting.com\/es\/accesibilidad\/#breadcrumb","itemListElement":[{"@type":"ListItem","position":1,"name":"Portada","item":"https:\/\/www.joseconsulting.com\/es\/"},{"@type":"ListItem","position":2,"name":"Accesibilidad"}]},{"@type":"WebSite","@id":"https:\/\/www.joseconsulting.com\/#website","url":"https:\/\/www.joseconsulting.com\/","name":"Jose consulting","description":"Asesor fiscal y contable","publisher":{"@id":"https:\/\/www.joseconsulting.com\/#organization"},"potentialAction":[{"@type":"SearchAction","target":{"@type":"EntryPoint","urlTemplate":"https:\/\/www.joseconsulting.com\/?s={search_term_string}"},"query-input":{"@type":"PropertyValueSpecification","valueRequired":true,"valueName":"search_term_string"}}],"inLanguage":"es"},{"@type":"Organization","@id":"https:\/\/www.joseconsulting.com\/#organization","name":"Jose consulting","url":"https:\/\/www.joseconsulting.com\/","logo":{"@type":"ImageObject","inLanguage":"es","@id":"https:\/\/www.joseconsulting.com\/#\/schema\/logo\/image\/","url":"https:\/\/www.joseconsulting.com\/wp-content\/uploads\/2023\/07\/Jose-Consulting-1.png","contentUrl":"https:\/\/www.joseconsulting.com\/wp-content\/uploads\/2023\/07\/Jose-Consulting-1.png","width":342,"height":102,"caption":"Jose consulting"},"image":{"@id":"https:\/\/www.joseconsulting.com\/#\/schema\/logo\/image\/"},"sameAs":["https:\/\/www.linkedin.com\/in\/jose-manuel-garcia-ribas-21812bab\/","https:\/\/www.upwork.com\/freelancers\/~01e2a8f901c002a520"]}]}},"_links":{"self":[{"href":"https:\/\/www.joseconsulting.com\/es\/wp-json\/wp\/v2\/pages\/366","targetHints":{"allow":["GET"]}}],"collection":[{"href":"https:\/\/www.joseconsulting.com\/es\/wp-json\/wp\/v2\/pages"}],"about":[{"href":"https:\/\/www.joseconsulting.com\/es\/wp-json\/wp\/v2\/types\/page"}],"author":[{"embeddable":true,"href":"https:\/\/www.joseconsulting.com\/es\/wp-json\/wp\/v2\/users\/1"}],"replies":[{"embeddable":true,"href":"https:\/\/www.joseconsulting.com\/es\/wp-json\/wp\/v2\/comments?post=366"}],"version-history":[{"count":0,"href":"https:\/\/www.joseconsulting.com\/es\/wp-json\/wp\/v2\/pages\/366\/revisions"}],"wp:attachment":[{"href":"https:\/\/www.joseconsulting.com\/es\/wp-json\/wp\/v2\/media?parent=366"}],"curies":[{"name":"wp","href":"https:\/\/api.w.org\/{rel}","templated":true}]}}